{"id":2260,"date":"2018-07-11T11:09:45","date_gmt":"2018-07-11T09:09:45","guid":{"rendered":"http:\/\/localhost:8888\/ordinex\/?page_id=2260"},"modified":"2018-07-30T14:30:59","modified_gmt":"2018-07-30T12:30:59","slug":"home","status":"publish","type":"page","link":"https:\/\/www.ordinex.net\/en\/","title":{"rendered":"Home"},"content":{"rendered":"<p>[vc_row full_width=&#8221;stretch_row_content_no_spaces&#8221; css=&#8221;.vc_custom_1506929445011{border-bottom-width: 0px !important;padding-top: 0px !important;padding-bottom: 0px !important;}&#8221;][vc_column]<div id=\"home-slider\" class=\"flexslider \"><ul class=\"slides\"><li><div class=\"slide-image\" style=\"background-image: url(https:\/\/www.ordinex.net\/wp-content\/uploads\/2015\/12\/header.jpg);\"><\/div><div class=\"slide-wrap\"><div class=\"slide-content  \"><div class=\"container\"><h1 class=\"\">ORDINEX&#039;S EXPERTS : ENGENEERING, ARCHITECTURE, FINANCE<\/h1><h6><\/h6><p><\/p><\/div><\/div><\/div><\/li><li><div class=\"slide-image\" style=\"background-image: url(https:\/\/www.ordinex.net\/wp-content\/uploads\/2016\/01\/ordinex_slider.jpg);\"><\/div><div class=\"slide-wrap\"><div class=\"slide-content  \"><div class=\"container\"><h1 class=\"\">ORDINEX&#039;S EXPERTS: MEDICINE, LAW, AGRICULTURE<\/h1><h6><\/h6><p><\/p><\/div><\/div><\/div><\/li><li><div class=\"slide-image\" style=\"background-image: url(https:\/\/www.ordinex.net\/wp-content\/uploads\/2015\/12\/humanitaire.jpg);\"><\/div><div class=\"slide-wrap\"><div class=\"slide-content  \"><div class=\"container\"><h1 class=\"\">ORDINEX&#039;S EXPERTS : SOCIAL SCIENCE, ARTS, JEWELLERY<\/h1><h6><\/h6><p><\/p><\/div><\/div><\/div><\/li><\/ul><div style=\"display: flex;justify-content: center;position: absolute;right: 0;left: 0;margin: auto;text-align: center;bottom: 6px;z-index: 100;\"><button onclick=\"jQuery('#home-slider').flexslider('play')\" style=\"border:0; padding:0;width:20px;height:20px;background: none\"><svg style=\"max-width: 100%; fill: #ffffff;\" id=\"Layer_1\" version=\"1.1\" viewBox=\"0 0 512 512\" xml:space=\"preserve\" xmlns=\"http:\/\/www.w3.org\/2000\/svg\" xmlns:xlink=\"http:\/\/www.w3.org\/1999\/xlink\"><path d=\"M405.2,232.9L126.8,67.2c-3.4-2-6.9-3.2-10.9-3.2c-10.9,0-19.8,9-19.8,20H96v344h0.1c0,11,8.9,20,19.8,20  c4.1,0,7.5-1.4,11.2-3.4l278.1-165.5c6.6-5.5,10.8-13.8,10.8-23.1C416,246.7,411.8,238.5,405.2,232.9z\"\/><\/svg><\/button><button onclick=\"jQuery('#home-slider').flexslider('pause')\" style=\"border:0; padding:0;width:20px;height:20px;background: none\"><svg style=\"max-width: 100%; fill: #ffffff;\" id=\"Layer_1\" version=\"1.1\" viewBox=\"0 0 512 512\" xml:space=\"preserve\" xmlns=\"http:\/\/www.w3.org\/2000\/svg\" xmlns:xlink=\"http:\/\/www.w3.org\/1999\/xlink\"><g><path d=\"M224,435.8V76.1c0-6.7-5.4-12.1-12.2-12.1h-71.6c-6.8,0-12.2,5.4-12.2,12.1v359.7c0,6.7,5.4,12.2,12.2,12.2h71.6   C218.6,448,224,442.6,224,435.8z\"\/><path d=\"M371.8,64h-71.6c-6.7,0-12.2,5.4-12.2,12.1v359.7c0,6.7,5.4,12.2,12.2,12.2h71.6c6.7,0,12.2-5.4,12.2-12.2V76.1   C384,69.4,378.6,64,371.8,64z\"\/><\/g><\/svg><\/button><\/div><\/div>[\/vc_column][\/vc_row][vc_row full_width=&#8221;stretch_row_content&#8221;][vc_column]<div class=\"icon-box-circular\"><div class=\"ib-icon\" style=\"border-color: #3aa5c9\"><i class=\"icon-global mb-15\" style=\"color: #3aa5c9\"><\/i><\/div><div class=\"ib-content\"><p><\/p><\/div><\/div><div class=\"title center\"><h2 class=\"\">A global reach<span class=\"red-dot\"><\/span><\/h2><hr><\/div>[vc_row_inner el_class=&#8221;section-content&#8221;][vc_column_inner offset=&#8221;vc_col-md-offset-2 vc_col-md-8&#8243;][vc_column_text]<\/p>\n<p style=\"text-align: center;\">THE INTERNATIONAL ORGANIZATION OF EXPERTS(Ordinex) is an international association of multidisciplinary experts and experts approved by the courts.<br \/>\nFounded in Geneva in 1961 ORDINEX falls under the jurisprudence of the Swiss Civil Code (Book I, Title II, Chapter II, Articles 60 to 79).<br \/>\nORDINEX was added to the list of the Non-Governmental Organizations of the General Secretariat of the United Nations by a decision of the Economic and Social Council rendered on May 20th, 1971 under NGO status.<\/p>\n<p>[\/vc_column_text][\/vc_column_inner][\/vc_row_inner][\/vc_column][\/vc_row][vc_row split_row=&#8221;yes&#8221; split_row_bg_type=&#8221;image&#8221; split_row_bg=&#8221;1835&#8243;][vc_column width=&#8221;7\/12&#8243; offset=&#8221;vc_col-md-offset-7 vc_col-md-5 vc_col-sm-offset-4&#8243;]<div class=\"icon-box-circular\"><div class=\"ib-icon\" style=\"border-color: #3aa5c9\"><i class=\"icon-notebook mb-15\" style=\"color: #3aa5c9\"><\/i><\/div><div class=\"ib-content\"><p><\/p><\/div><\/div><div class=\"title\"><h4 class=\"upper \">Looking for experts?<\/h4><h3 class=\"upper\"> Discover the world of Ordinex experts<span class=\"red-dot\"><\/span><\/h3><hr><\/div>[vc_row_inner css=&#8221;.vc_custom_1506932705333{padding-top: 25px !important;padding-bottom: 25px !important;}&#8221;][vc_column_inner][vc_column_text]Are you looking to be a part of an international organization of experts? ORDINEX\u2019s elite team of qualified experts helps deliver value.<\/p>\n<p>Discover the different areas covered by our experts :<\/p>\n<p>&nbsp;<\/p>\n<p><a class=\"btn btn-color\" href=\"https:\/\/www.ordinex.net\/en\/business-directory\/\">Consult the directory of experts<\/a>[\/vc_column_text][\/vc_column_inner][\/vc_row_inner][\/vc_column][\/vc_row][vc_row][vc_column]<div class=\"title center\"><h2 class=\"\">Ordinex&#039;s commitments<span class=\"red-dot\"><\/span><\/h2><hr><\/div>[vc_row_inner][vc_column_inner width=&#8221;1\/2&#8243; css=&#8221;.vc_custom_1506932845289{margin-top: 15px !important;margin-bottom: 15px !important;}&#8221;]<div class=\"icon-box-small boxed\"><div class=\"ib-icon\"><i class=\"icon-globe\" style=\"color: #3aa5c9\"><\/i><span class=\"back-icon\"><i class=\"icon-globe\"><\/i><\/span><\/div><hr><h4>HUMANITARIAN<\/h4><p><\/p><\/div>[\/vc_column_inner][vc_column_inner width=&#8221;1\/2&#8243; css=&#8221;.vc_custom_1506932850468{margin-top: 15px !important;margin-bottom: 15px !important;}&#8221;]<div class=\"icon-box-small boxed\"><div class=\"ib-icon\"><i class=\"icon-bike\" style=\"color: #3aa5c9\"><\/i><span class=\"back-icon\"><i class=\"icon-bike\"><\/i><\/span><\/div><hr><h4>SUSTAINABLE DEVELOPMENT<\/h4><p><\/p><\/div>[\/vc_column_inner][vc_column_inner width=&#8221;1\/2&#8243; css=&#8221;.vc_custom_1506932861119{margin-top: 15px !important;margin-bottom: 15px !important;}&#8221;]<div class=\"icon-box-small boxed\"><div class=\"ib-icon\"><i class=\"icon-book-open\" style=\"color: #3aa5c9\"><\/i><span class=\"back-icon\"><i class=\"icon-book-open\"><\/i><\/span><\/div><hr><h4>CULTURE<\/h4><p><\/p><\/div>[\/vc_column_inner][vc_column_inner width=&#8221;1\/2&#8243; css=&#8221;.vc_custom_1506932856104{margin-top: 15px !important;margin-bottom: 15px !important;}&#8221;]<div class=\"icon-box-small boxed\"><div class=\"ib-icon\"><i class=\"icon-genius\" style=\"color: #3aa5c9\"><\/i><span class=\"back-icon\"><i class=\"icon-genius\"><\/i><\/span><\/div><hr><h4>SCIENCES AND TECHNOLOGIES<\/h4><p><\/p><\/div>[\/vc_column_inner][\/vc_row_inner][\/vc_column][\/vc_row][vc_row parallax=&#8221;content-moving&#8221; parallax_image=&#8221;2454&#8243; el_class=&#8221;actus&#8221;][vc_column]<div class=\"title center\"><h3 class=\"\">News &amp; Publications<span class=\"red-dot\"><\/span><\/h3><hr><\/div>[\/vc_column][\/vc_row][vc_row css=&#8221;.vc_custom_1453281216253{border-bottom-width: 0px !important;}&#8221;][vc_column offset=&#8221;vc_col-md-offset-2 vc_col-md-8&#8243;]<div class=\"icon-box-circular\"><div class=\"ib-icon\" style=\"border-color: #3aa5c9\"><i class=\"icon-newspaper mb-15\" style=\"color: #3aa5c9\"><\/i><\/div><div class=\"ib-content\"><p><\/p><\/div><\/div><div class=\"title center\"><h2 class=\"\"><\/h2><\/div>[vc_row_inner css=&#8221;.vc_custom_1453111325319{padding-top: 25px !important;padding-bottom: 25px !important;}&#8221;][vc_column_inner]<div id=\"post-2303\" class=\"blog-post post-2303 post type-post status-publish format-standard hentry category-uncategorized\"><div class=\"post-body\"><h3 class=\"serif\"><a href=\"https:\/\/www.ordinex.net\/en\/upcoming-international-congresses-in-july-2018\/\">Upcoming International Congresses in July 2018<\/a><\/h3><hr><p class=\"serif\">Upcoming International Congresses in July Europe 23rd World Congress of the International Association for Child and Adolescent Psychiatry and Allied Professions,\u00a023-27\/07\/18, Prague 52nd Annual Conference of the International Association ... <\/p><div class=\"post-info upper\"><a href=\"https:\/\/www.ordinex.net\/en\/upcoming-international-congresses-in-july-2018\/\">Read More<\/a><span class=\"pull-right black-text\">July 11, 2018<\/span><\/div><\/div><\/div><div id=\"post-2306\" class=\"blog-post post-2306 post type-post status-publish format-standard hentry category-uncategorized\"><div class=\"post-body\"><h3 class=\"serif\"><a href=\"https:\/\/www.ordinex.net\/en\/upcoming-international-congresses-in-june-2018\/\">Upcoming International Congresses in June 2018<\/a><\/h3><hr><p class=\"serif\">Upcoming International Congresses Europe 69th Annual Meeting of the Nordic Microscopy Society, 26-28\/06\/18, Lyngby 14th International Congress of the European College of Veterinary Pharmacology and Toxicology, 24-27\/06\/18, Wroclaw 6th ... <\/p><div class=\"post-info upper\"><a href=\"https:\/\/www.ordinex.net\/en\/upcoming-international-congresses-in-june-2018\/\">Read More<\/a><span class=\"pull-right black-text\">July 11, 2018<\/span><\/div><\/div><\/div>[\/vc_column_inner][\/vc_row_inner]<div class=\"btn-container text-center\"><a href=\"https:\/\/site29.inconito-prv-cse01.nfrance.net\/actualites\/\" class=\"btn btn-color-out  \" >More news<\/a><\/div>[\/vc_column][\/vc_row][vc_row el_id=&#8221;contact&#8221;][vc_column][vc_row_inner][vc_column_inner width=&#8221;1\/2&#8243; css=&#8221;.vc_custom_1506932845289{margin-top: 15px !important;margin-bottom: 15px !important;}&#8221;][vc_column_text][leaflet-map lat=46.199636 lng=6.142821 zoom=5]<\/p>\n<p>[leaflet-marker address=&#8221;20, rue Bachaumont , 75002 Paris France&#8221; message=&#8221;20, rue Bachaumont , 75002 Paris France&#8221;]<\/p>\n<p>[leaflet-marker address=&#8221;6 rue du conseil g\u00e9n\u00e9ral 1205 Gen\u00e8ve Suisse&#8221; message=&#8221;6 rue du conseil g\u00e9n\u00e9ral 1205 Gen\u00e8ve Suisse&#8221; ][\/vc_column_text][\/vc_column_inner][vc_column_inner width=&#8221;1\/2&#8243; css=&#8221;.vc_custom_1506932850468{margin-top: 15px !important;margin-bottom: 15px !important;}&#8221;]<div class=\"title\"><h4 class=\"upper \">Let&#039;s work together<\/h4><h2 class=\"\">Contact<span class=\"red-dot\"><\/span><\/h2><hr><\/div>\n<div class=\"wpcf7 no-js\" id=\"wpcf7-f2310-o1\" lang=\"en-US\" dir=\"ltr\">\n<div class=\"screen-reader-response\"><p role=\"status\" aria-live=\"polite\" aria-atomic=\"true\"><\/p> <ul><\/ul><\/div>\n<form action=\"\/en\/wp-json\/wp\/v2\/pages\/2260#wpcf7-f2310-o1\" method=\"post\" class=\"wpcf7-form init\" aria-label=\"Contact form\" novalidate=\"novalidate\" data-status=\"init\">\n<div style=\"display: none;\">\n<input type=\"hidden\" name=\"_wpcf7\" value=\"2310\" \/>\n<input type=\"hidden\" name=\"_wpcf7_version\" value=\"5.7.5.1\" \/>\n<input type=\"hidden\" name=\"_wpcf7_locale\" value=\"en_US\" \/>\n<input type=\"hidden\" name=\"_wpcf7_unit_tag\" value=\"wpcf7-f2310-o1\" \/>\n<input type=\"hidden\" name=\"_wpcf7_container_post\" value=\"0\" \/>\n<input type=\"hidden\" name=\"_wpcf7_posted_data_hash\" value=\"\" \/>\n<input type=\"hidden\" name=\"_wpcf7cf_hidden_group_fields\" value=\"[]\" \/>\n<input type=\"hidden\" name=\"_wpcf7cf_hidden_groups\" value=\"[]\" \/>\n<input type=\"hidden\" name=\"_wpcf7cf_visible_groups\" value=\"[]\" \/>\n<input type=\"hidden\" name=\"_wpcf7cf_repeaters\" value=\"[]\" \/>\n<input type=\"hidden\" name=\"_wpcf7cf_steps\" value=\"{}\" \/>\n<input type=\"hidden\" name=\"_wpcf7cf_options\" value=\"{&quot;form_id&quot;:2310,&quot;conditions&quot;:[],&quot;settings&quot;:{&quot;animation&quot;:&quot;no&quot;,&quot;animation_intime&quot;:&quot;200&quot;,&quot;animation_outtime&quot;:&quot;200&quot;,&quot;conditions_ui&quot;:&quot;normal&quot;,&quot;notice_dismissed&quot;:&quot;&quot;,&quot;wpcf7cf_settings_saved&quot;:&quot;1&quot;,&quot;notice_dismissed_update-cf7-5.8&quot;:true}}\" \/>\n<\/div>\n<p>* Required fields\n<\/p>\n<div class=\"form-group\">\n\t<p><label for=\"your-name\" class=\"label_form\">Name <span>*<\/span><\/label><span class=\"wpcf7-form-control-wrap\" data-name=\"your-name\"><input size=\"40\" class=\"wpcf7-form-control wpcf7-text wpcf7-validates-as-required\" aria-required=\"true\" aria-invalid=\"false\" placeholder=\"Name*\" value=\"\" type=\"text\" name=\"your-name\" \/><\/span>\n\t<\/p>\n<\/div>\n<div class=\"form-group\">\n\t<p><label for=\"your-email\" class=\"label_form\">Email <span>*<\/span><\/label><span class=\"wpcf7-form-control-wrap\" data-name=\"your-email\"><input size=\"40\" class=\"wpcf7-form-control wpcf7-text wpcf7-email wpcf7-validates-as-required wpcf7-validates-as-email\" aria-required=\"true\" aria-invalid=\"false\" placeholder=\"Email*\" value=\"\" type=\"email\" name=\"your-email\" \/><\/span>\n\t<\/p>\n<\/div>\n<div class=\"form-group\">\n\t<p><label for=\"your-phone\" class=\"label_form\">Phone <\/label><span class=\"wpcf7-form-control-wrap\" data-name=\"your-phone\"><input size=\"40\" class=\"wpcf7-form-control wpcf7-text\" aria-invalid=\"false\" placeholder=\"Phone\" value=\"\" type=\"text\" name=\"your-phone\" \/><\/span>\n\t<\/p>\n<\/div>\n<div class=\"form-group\">\n\t<p><label for=\"your-message\" class=\"label_form\">Message <\/label><span class=\"wpcf7-form-control-wrap\" data-name=\"your-message\"><textarea cols=\"40\" rows=\"10\" class=\"wpcf7-form-control wpcf7-textarea wpcf7-validates-as-required\" aria-required=\"true\" aria-invalid=\"false\" name=\"your-message\"><\/textarea><\/span>\n\t<\/p>\n<\/div>\n<div class=\"form-group\">\n\t<p><input class=\"wpcf7-form-control has-spinner wpcf7-submit btn-color\" type=\"submit\" value=\"Send message\" \/>\n\t<\/p>\n<\/div><div class=\"wpcf7-response-output\" aria-hidden=\"true\"><\/div>\n<\/form>\n<\/div>\n[\/vc_column_inner][\/vc_row_inner][\/vc_column][\/vc_row][vc_row split_row=&#8221;yes&#8221; split_row_bg_type=&#8221;image&#8221; split_row_bg=&#8221;1837&#8243; split_bg_position=&#8221;right&#8221;][vc_column offset=&#8221;vc_col-md-5&#8243;]<div class=\"icon-box-circular\"><div class=\"ib-icon\" style=\"border-color: #3aa5c9\"><i class=\"icon-pencil mb-15\" style=\"color: #3aa5c9\"><\/i><\/div><div class=\"ib-content\"><p><\/p><\/div><\/div><div class=\"title\"><h4 class=\"upper \"> Expert? Join an elite of specialists<\/h4><h3 class=\"upper\"> Apply for membership<span class=\"red-dot\"><\/span><\/h3><hr><\/div>[vc_row_inner css=&#8221;.vc_custom_1506932705333{padding-top: 25px !important;padding-bottom: 25px !important;}&#8221;][vc_column_inner][vc_column_text]Do you seek the competences of an expert? Are you looking to be a part of of an international organization of experts? ORDINEX\u2019s elite team of qualified experts helps deliver value.<\/p>\n<p>Discover the different areas covered by our experts :<br \/>\n[\/vc_column_text]<div class=\"btn-container inline-btn-container\"><a href=\"https:\/\/site29.inconito-prv-cse01.nfrance.net\/en\/membership\/\" class=\"btn btn-color  \" >APPLY FOR MEMBERSHIP<\/a><\/div>[\/vc_column_inner][\/vc_row_inner][\/vc_column][\/vc_row]<\/p>\n","protected":false},"excerpt":{"rendered":"<p>[vc_row full_width=&#8221;stretch_row_content_no_spaces&#8221; css=&#8221;.vc_custom_1506929445011{border-bottom-width: 0px !important;padding-top: 0px !important;padding-bottom: 0px !important;}&#8221;][vc_column][\/vc_column][\/vc_row][vc_row full_width=&#8221;stretch_row_content&#8221;][vc_column][vc_row_inner el_class=&#8221;section-content&#8221;][vc_column_inner offset=&#8221;vc_col-md-offset-2 vc_col-md-8&#8243;][vc_column_text] THE INTERNATIONAL ORGANIZATION OF EXPERTS(Ordinex) is an international association of multidisciplinary experts and experts approved by the courts. Founded in Geneva in 1961 ORDINEX falls under the jurisprudence of the Swiss Civil Code (Book I, Title II, Chapter II, Articles 60 to[&#8230;] <\/p>\n<p class=\"mt-15\"><a class=\"btn btn-color btn-sm\" href=\"https:\/\/www.ordinex.net\/en\/upcoming-international-congresses-in-june-2018\/\">Read More<\/a><\/p>\n","protected":false},"author":1,"featured_media":0,"parent":0,"menu_order":0,"comment_status":"closed","ping_status":"closed","template":"","meta":{"footnotes":""},"yoast_head":"<!-- This site is optimized with the Yoast SEO plugin v20.13 - https:\/\/yoast.com\/wordpress\/plugins\/seo\/ -->\n<title>Home - Ordinex<\/title>\n<meta name=\"robots\" content=\"index, follow, max-snippet:-1, max-image-preview:large, max-video-preview:-1\" \/>\n<link rel=\"canonical\" href=\"https:\/\/www.ordinex.net\/en\/home\/\" \/>\n<meta property=\"og:locale\" content=\"en_US\" \/>\n<meta property=\"og:type\" content=\"article\" \/>\n<meta property=\"og:title\" content=\"Home - Ordinex\" \/>\n<meta property=\"og:description\" content=\"[vc_row full_width=&#8221;stretch_row_content_no_spaces&#8221; css=&#8221;.vc_custom_1506929445011{border-bottom-width: 0px !important;padding-top: 0px !important;padding-bottom: 0px !important;}&#8221;][vc_column][\/vc_column][\/vc_row][vc_row full_width=&#8221;stretch_row_content&#8221;][vc_column][vc_row_inner el_class=&#8221;section-content&#8221;][vc_column_inner offset=&#8221;vc_col-md-offset-2 vc_col-md-8&#8243;][vc_column_text] THE INTERNATIONAL ORGANIZATION OF EXPERTS(Ordinex) is an international association of multidisciplinary experts and experts approved by the courts. Founded in Geneva in 1961 ORDINEX falls under the jurisprudence of the Swiss Civil Code (Book I, Title II, Chapter II, Articles 60 to[...] Read More\" \/>\n<meta property=\"og:url\" content=\"https:\/\/www.ordinex.net\/en\/home\/\" \/>\n<meta property=\"og:site_name\" content=\"Ordinex\" \/>\n<meta property=\"article:modified_time\" content=\"2018-07-30T12:30:59+00:00\" \/>\n<meta name=\"twitter:card\" content=\"summary_large_image\" \/>\n<meta name=\"twitter:label1\" content=\"Est. reading time\" \/>\n\t<meta name=\"twitter:data1\" content=\"5 minutes\" \/>\n<script type=\"application\/ld+json\" class=\"yoast-schema-graph\">{\"@context\":\"https:\/\/schema.org\",\"@graph\":[{\"@type\":\"WebPage\",\"@id\":\"https:\/\/www.ordinex.net\/en\/home\/\",\"url\":\"https:\/\/www.ordinex.net\/en\/home\/\",\"name\":\"Home - Ordinex\",\"isPartOf\":{\"@id\":\"https:\/\/www.ordinex.net\/#website\"},\"datePublished\":\"2018-07-11T09:09:45+00:00\",\"dateModified\":\"2018-07-30T12:30:59+00:00\",\"breadcrumb\":{\"@id\":\"https:\/\/www.ordinex.net\/en\/home\/#breadcrumb\"},\"inLanguage\":\"en-US\",\"potentialAction\":[{\"@type\":\"ReadAction\",\"target\":[\"https:\/\/www.ordinex.net\/en\/home\/\"]}]},{\"@type\":\"BreadcrumbList\",\"@id\":\"https:\/\/www.ordinex.net\/en\/home\/#breadcrumb\",\"itemListElement\":[{\"@type\":\"ListItem\",\"position\":1,\"name\":\"Home\",\"item\":\"https:\/\/www.ordinex.net\/en\/home\/\"},{\"@type\":\"ListItem\",\"position\":2,\"name\":\"Home\"}]},{\"@type\":\"WebSite\",\"@id\":\"https:\/\/www.ordinex.net\/#website\",\"url\":\"https:\/\/www.ordinex.net\/\",\"name\":\"Ordinex\",\"description\":\"Organisation Internationale des experts\",\"potentialAction\":[{\"@type\":\"SearchAction\",\"target\":{\"@type\":\"EntryPoint\",\"urlTemplate\":\"https:\/\/www.ordinex.net\/?s={search_term_string}\"},\"query-input\":\"required name=search_term_string\"}],\"inLanguage\":\"en-US\"}]}<\/script>\n<!-- \/ Yoast SEO plugin. -->","yoast_head_json":{"title":"Home - Ordinex","robots":{"index":"index","follow":"follow","max-snippet":"max-snippet:-1","max-image-preview":"max-image-preview:large","max-video-preview":"max-video-preview:-1"},"canonical":"https:\/\/www.ordinex.net\/en\/home\/","og_locale":"en_US","og_type":"article","og_title":"Home - Ordinex","og_description":"[vc_row full_width=&#8221;stretch_row_content_no_spaces&#8221; css=&#8221;.vc_custom_1506929445011{border-bottom-width: 0px !important;padding-top: 0px !important;padding-bottom: 0px !important;}&#8221;][vc_column][\/vc_column][\/vc_row][vc_row full_width=&#8221;stretch_row_content&#8221;][vc_column][vc_row_inner el_class=&#8221;section-content&#8221;][vc_column_inner offset=&#8221;vc_col-md-offset-2 vc_col-md-8&#8243;][vc_column_text] THE INTERNATIONAL ORGANIZATION OF EXPERTS(Ordinex) is an international association of multidisciplinary experts and experts approved by the courts. Founded in Geneva in 1961 ORDINEX falls under the jurisprudence of the Swiss Civil Code (Book I, Title II, Chapter II, Articles 60 to[...] Read More","og_url":"https:\/\/www.ordinex.net\/en\/home\/","og_site_name":"Ordinex","article_modified_time":"2018-07-30T12:30:59+00:00","twitter_card":"summary_large_image","twitter_misc":{"Est. reading time":"5 minutes"},"schema":{"@context":"https:\/\/schema.org","@graph":[{"@type":"WebPage","@id":"https:\/\/www.ordinex.net\/en\/home\/","url":"https:\/\/www.ordinex.net\/en\/home\/","name":"Home - Ordinex","isPartOf":{"@id":"https:\/\/www.ordinex.net\/#website"},"datePublished":"2018-07-11T09:09:45+00:00","dateModified":"2018-07-30T12:30:59+00:00","breadcrumb":{"@id":"https:\/\/www.ordinex.net\/en\/home\/#breadcrumb"},"inLanguage":"en-US","potentialAction":[{"@type":"ReadAction","target":["https:\/\/www.ordinex.net\/en\/home\/"]}]},{"@type":"BreadcrumbList","@id":"https:\/\/www.ordinex.net\/en\/home\/#breadcrumb","itemListElement":[{"@type":"ListItem","position":1,"name":"Home","item":"https:\/\/www.ordinex.net\/en\/home\/"},{"@type":"ListItem","position":2,"name":"Home"}]},{"@type":"WebSite","@id":"https:\/\/www.ordinex.net\/#website","url":"https:\/\/www.ordinex.net\/","name":"Ordinex","description":"Organisation Internationale des experts","potentialAction":[{"@type":"SearchAction","target":{"@type":"EntryPoint","urlTemplate":"https:\/\/www.ordinex.net\/?s={search_term_string}"},"query-input":"required name=search_term_string"}],"inLanguage":"en-US"}]}},"_links":{"self":[{"href":"https:\/\/www.ordinex.net\/en\/wp-json\/wp\/v2\/pages\/2260"}],"collection":[{"href":"https:\/\/www.ordinex.net\/en\/wp-json\/wp\/v2\/pages"}],"about":[{"href":"https:\/\/www.ordinex.net\/en\/wp-json\/wp\/v2\/types\/page"}],"author":[{"embeddable":true,"href":"https:\/\/www.ordinex.net\/en\/wp-json\/wp\/v2\/users\/1"}],"replies":[{"embeddable":true,"href":"https:\/\/www.ordinex.net\/en\/wp-json\/wp\/v2\/comments?post=2260"}],"version-history":[{"count":15,"href":"https:\/\/www.ordinex.net\/en\/wp-json\/wp\/v2\/pages\/2260\/revisions"}],"predecessor-version":[{"id":2499,"href":"https:\/\/www.ordinex.net\/en\/wp-json\/wp\/v2\/pages\/2260\/revisions\/2499"}],"wp:attachment":[{"href":"https:\/\/www.ordinex.net\/en\/wp-json\/wp\/v2\/media?parent=2260"}],"curies":[{"name":"wp","href":"https:\/\/api.w.org\/{rel}","templated":true}]}}